{"id":12,"date":"2011-02-21T21:51:20","date_gmt":"2011-02-21T21:51:20","guid":{"rendered":"http:\/\/seelenbrand.de\/seelenbrand\/"},"modified":"2025-02-02T18:00:40","modified_gmt":"2025-02-02T18:00:40","slug":"lust-auf-fotos","status":"publish","type":"page","link":"https:\/\/seelenbrand.de\/lightside\/lust-auf-fotos\/","title":{"rendered":"Lust auf Fotos?"},"content":{"rendered":"\n<p class=\"has-text-align-center\"><strong>Angebote &#8211; Preise<\/strong><\/p>\n\n\n\n<figure class=\"wp-block-image aligncenter\"><img loading=\"lazy\" decoding=\"async\" width=\"500\" height=\"200\" src=\"https:\/\/seelenbrand.de\/lightside\/wp-content\/uploads\/2011\/02\/lust-auf-fotos.png\" alt=\"\" class=\"wp-image-97\" title=\"\" srcset=\"https:\/\/seelenbrand.de\/lightside\/wp-content\/uploads\/2011\/02\/lust-auf-fotos.png 500w, https:\/\/seelenbrand.de\/lightside\/wp-content\/uploads\/2011\/02\/lust-auf-fotos-300x120.png 300w\" sizes=\"auto, (max-width: 500px) 100vw, 500px\" \/><\/figure>\n\n\n\n<p class=\"has-text-align-center\"><\/p>\n\n\n\n<figure class=\"wp-block-table aligncenter\"><table class=\"has-fixed-layout\"><tbody><tr><td><strong>Portrait Shootings und Hochzeiten gibts ab sofort auf <a href=\"http:\/\/www.heinerweiss.de\" target=\"_blank\" rel=\"noopener\">HeinerWeiss.de<\/a><\/strong>\n<p><strong>Bildbearbeitung &amp; Fotomontagen<\/strong><br>Unter anderem nehme ich auch Bildbearbeitungsauftr\u00e4ge an und erstelle individuelle Composings. Ob <a href=\"https:\/\/seelenbrand.de\/lightside\/galerie-2\/?album=22&amp;gallery=72\" target=\"_blank\" rel=\"noopener\">fr\u00f6hlich oder eher gruselig<\/a>, alles ist machbar. Geshootet wird Outdoor oder im Studio (N\u00e4he 93133 Burglengenfeld), auch Fotos die sie bereits haben k\u00f6nnen (je nach Qualit\u00e4t) verwendet werden. Anfragen lohnt!<\/p>\n<p><strong>Geschenk Gutschein<\/strong><br>Keine Idee f\u00fcr ein Geschenk? Wie w\u00e4rs mit einem individuellen Fotoshooting?<br><a href=\"https:\/\/seelenbrand.de\/lightside\/kontakt\/\">Fragen sie gleich an<\/a>!<\/p>\n<p><strong>Workshops &amp; Einzelcoachings f\u00fcr Anf\u00e4nger und Fortgeschrittene<\/strong><br>Workshops und Einzelcoachings rund ums Thema Fotografie, Bildbearbeitung, Fotomontagen, Beautyretusche werden ebenfalls angeboten.<\/p>\n<p><strong>Models<\/strong><br>Du bist angehendes Model und willst aussagekr\u00e4ftige Fotos f\u00fcr Bewerbungen oder zum Aufbau deiner Sedcard? Bei Seelenbrand.de bekommst du Bilder die deinen Vorstellungen entsprechen.<\/p>\n<p><strong>Fotoprodukte<\/strong><br>Die Produktpalette reicht von Prints auf Papier \u00fcber Leinw\u00e4nde bis hin zu ausgefallenen Geschenkideen wie z.B. Lasergravuren auf Holz oder auf Aluminium<\/p>\n<p><strong>Datenrettung ihrer Speicherkarten und Festplatten <\/strong><br>Sie haben aus Versehen Fotos (oder auch jegliche andere Daten) von der Speicherkarte\/Festplatte gel\u00f6scht oder diese gar schon formatiert? Dann heisst es erstmal Finger weg! Umso weniger sie das Medium danach benutzt haben, umso mehr Daten k\u00f6nnen gerettet werden. Hierzu k\u00f6nnen sie die Speicherkartexterne Festplatte vorbeibringen oder zusenden, aber auch eine Datenrettung bei Ihnen vor Ort ist kein Problem!<br>Die Preise f\u00fcr eine Datenrettung richten sich im gro\u00dfen und ganzen nach Anfahrtsweg und Zeitaufwand der Wiederherstellung.<br>Bitte nutzen sie f\u00fcr Anfragen das <a href=\"https:\/\/seelenbrand.de\/lightside\/kontakt\">Kontaktformular<\/a>, die <a href=\"mailto:info@seelenbrand.de?subject=Datenrettungsanfrage\">info@seelenbrand.de<\/a> eMail oder in dringenden F\u00e4llen folgende Telefonnummer: 0171\/2804910<\/p>\n<\/td><\/tr><tr><td>\n<p style=\"text-align: center;\"><strong>H. Wei\u00df Photography<\/strong><br>Thujenweg 6<br>93142 Maxh\u00fctte-Haidhof<br>Tel.: 0171\/2804910<br>eMail: info@seelenbrand.de<\/p>\n<p style=\"text-align: center;\"><strong>\u00d6ffnungszeiten und Shootings nach vorheriger Vereinbarung<\/strong><\/p>\n<p>&nbsp;<\/p>\n<\/td><\/tr><tr><td><strong>Beispiel wie aus einfachen Studioaufnahmen fantastische Composings werden<\/strong>\n<figure><a href=\"https:\/\/seelenbrand.de\/lightside\/portfolio\/?album=7&amp;gallery=7\"><img loading=\"lazy\" decoding=\"async\" class=\"alignnone size-full wp-image-131\" title=\"\" src=\"https:\/\/seelenbrand.de\/lightside\/wp-content\/uploads\/2011\/02\/compo-beispiel.jpg\" alt=\"\" width=\"510\" height=\"600\" srcset=\"https:\/\/seelenbrand.de\/lightside\/wp-content\/uploads\/2011\/02\/compo-beispiel.jpg 510w, https:\/\/seelenbrand.de\/lightside\/wp-content\/uploads\/2011\/02\/compo-beispiel-255x300.jpg 255w\" sizes=\"auto, (max-width: 510px) 100vw, 510px\" \/><\/a><\/figure><p><\/p>\n<\/td><\/tr><\/tbody><\/table><\/figure>\n\n\n\n<p>&nbsp;<\/p>\n\n\n\n<p>&nbsp;<\/p>\n","protected":false},"excerpt":{"rendered":"<p>Angebote &#8211; Preise Portrait Shootings und Hochzeiten gibts ab sofort auf HeinerWeiss.de Bildbearbeitung &amp; FotomontagenUnter anderem nehme ich auch Bildbearbeitungsauftr\u00e4ge an und erstelle individuelle Composings. Ob fr\u00f6hlich oder eher gruselig, alles ist machbar. Geshootet wird Outdoor oder im Studio (N\u00e4he 93133 Burglengenfeld), auch Fotos die sie bereits haben k\u00f6nnen (je nach Qualit\u00e4t) verwendet werden. Anfragen [&hellip;]<\/p>\n","protected":false},"author":1,"featured_media":0,"parent":0,"menu_order":3,"comment_status":"closed","ping_status":"closed","template":"","meta":{"ngg_post_thumbnail":0,"footnotes":"","_links_to":"","_links_to_target":""},"class_list":["post-12","page","type-page","status-publish","hentry"],"blocksy_meta":[],"_links":{"self":[{"href":"https:\/\/seelenbrand.de\/lightside\/wp-json\/wp\/v2\/pages\/12","targetHints":{"allow":["GET"]}}],"collection":[{"href":"https:\/\/seelenbrand.de\/lightside\/wp-json\/wp\/v2\/pages"}],"about":[{"href":"https:\/\/seelenbrand.de\/lightside\/wp-json\/wp\/v2\/types\/page"}],"author":[{"embeddable":true,"href":"https:\/\/seelenbrand.de\/lightside\/wp-json\/wp\/v2\/users\/1"}],"replies":[{"embeddable":true,"href":"https:\/\/seelenbrand.de\/lightside\/wp-json\/wp\/v2\/comments?post=12"}],"version-history":[{"count":0,"href":"https:\/\/seelenbrand.de\/lightside\/wp-json\/wp\/v2\/pages\/12\/revisions"}],"wp:attachment":[{"href":"https:\/\/seelenbrand.de\/lightside\/wp-json\/wp\/v2\/media?parent=12"}],"curies":[{"name":"wp","href":"https:\/\/api.w.org\/{rel}","templated":true}]}}