{"id":383,"date":"2018-03-18T15:31:14","date_gmt":"2018-03-18T15:31:14","guid":{"rendered":"https:\/\/seelenbrand.de\/lightside\/?page_id=383"},"modified":"2022-03-06T15:18:17","modified_gmt":"2022-03-06T15:18:17","slug":"datenschutzerklaerung","status":"publish","type":"page","link":"https:\/\/seelenbrand.de\/lightside\/datenschutzerklaerung\/","title":{"rendered":"Datenschutzerkl\u00e4rung"},"content":{"rendered":"<h2>Datenschutzerkl\u00e4rung<\/h2>\n<h3>Datenschutz<\/h3>\n<p>Die Betreiber dieser Seiten nehmen den Schutz Ihrer pers\u00f6nlichen Daten sehr ernst. Wir behandeln Ihre personenbezogenen Daten vertraulich und entsprechend der gesetzlichen Datenschutzvorschriften sowie dieser Datenschutzerkl\u00e4rung.<\/p>\n<p>Die Nutzung unserer Website ist in der Regel ohne Angabe personenbezogener Daten m\u00f6glich. Soweit auf unseren Seiten personenbezogene Daten (beispielsweise Name, Anschrift oder E-Mail- Adressen) erhoben werden, erfolgt dies, soweit m\u00f6glich, stets auf freiwilliger Basis. Diese Daten werden ohne Ihre ausdr\u00fcckliche Zustimmung nicht an Dritte weitergegeben.<\/p>\n<p>Wir weisen darauf hin, dass die Daten\u00fcbertragung im Internet (z.B. bei der Kommunikation per E-Mail) Sicherheitsl\u00fccken aufweisen kann. Ein l\u00fcckenloser Schutz der Daten vor dem Zugriff durch Dritte ist nicht m\u00f6glich.<\/p>\n<p>Die Domain Seelenbrand.de wird vom Betreiber der Webseite www.heinerweiss.de Domain geleitet und sieht sich als Hobbyfotografie-Webseite, die aus Zeitgr\u00fcnden kaum noch aktualisiert wird. Jedoch stellt Seelenbrand.de auch ein Kontaktformular und andere M\u00f6glichkeiten zur Kontaktaufnahme f\u00fcr gewerbliche Shootings mit Heiner Weiss Photography zur Verf\u00fcgung.<\/p>\n<h3>Datenerfassung durch den Vorgang des Fotografierens<\/h3>\n<p>Das Aufnehmen, Bearbeiten und Speichern von digitalen Fotografien stellt eine sog. Datenverarbeitung dar, die seit dem 25.05.2018 den strengen Regelungen der Datenschutz-Grundverordnung unterliegt.\u00a0 Dies gilt sowohl f\u00fcr Einzelshootings als auch f\u00fcr Veranstaltungen.<br \/>\nAlle Einzelkunden sowie alle G\u00e4ste und sonstigen Teilnehmer von Feiern\/Veranstaltungen d\u00fcrfen nur noch fotografiert werden, wenn diese vor Beginn der Bildaufnahmen hierzu ihre Einwilligung erteilt haben. F\u00fcr Einzelshootings liegen daf\u00fcr die entsprechenden Formulare im Studio aus, bei gr\u00f6\u00dferen Events obliegt es dem Auftraggeber diese Einwilligungen bei den G\u00e4sten vorab einzuholen. Eine entsprechende Textvorlage stelle ich gerne zur Verf\u00fcgung.<\/p>\n<p>Eine erteilte Einwilligung kann jederzeit bei <strong>Heiner Weiss Photography (Thujenweg 6, 93142 Maxh\u00fctte-Haidhof, +49(0)1712804910, <a href=\"mailto:info@heinerweiss.de\">info@heinerweiss.de<\/a>, <a href=\"http:\/\/www.heinerweiss.de\" target=\"_blank\" rel=\"noopener\">www.heinerweiss.de<\/a>)<\/strong> widerrufen werden.<\/p>\n<h3>Cookies<\/h3>\n<p>Die Internetseiten verwenden teilweise so genannte Cookies. Cookies richten auf<br \/>\nIhrem Rechner keinen Schaden an und enthalten keine Viren. Cookies dienen dazu, unser Angebot<br \/>\nnutzerfreundlicher, effektiver und sicherer zu machen. Cookies sind kleine Textdateien, die auf Ihrem<br \/>\nRechner abgelegt werden und die Ihr Browser speichert.<\/p>\n<p>Die meisten der von uns verwendeten Cookies sind so genannte \u201eSession-Cookies\u201c. Sie werden nach Ende Ihres Besuchs automatisch<br \/>\ngel\u00f6scht. Andere Cookies bleiben auf Ihrem Endger\u00e4t gespeichert, bis Sie diese l\u00f6schen.<br \/>\nDiese Cookies erm\u00f6glichen es uns, Ihren Browser beim n\u00e4chsten Besuch<br \/>\nwiederzuerkennen.<\/p>\n<p>Sie k\u00f6nnen Ihren Browser so einstellen, dass Sie \u00fcber das Setzen von Cookies informiert werden und Cookies nur im Einzelfall erlauben, die Annahme von Cookies f\u00fcr<br \/>\nbestimmte F\u00e4lle oder generell ausschlie\u00dfen sowie das automatische L\u00f6schen der<br \/>\nCookies beim Schlie\u00dfen des Browser aktivieren. Bei der Deaktivierung von Cookies kann die<br \/>\nFunktionalit\u00e4t dieser Website eingeschr\u00e4nkt sein.<\/p>\n<p>Hier kannst Du die <a href=\"https:\/\/seelenbrand.de\/lightside\/#gdpr_cookie_modal\">Cookie-Einstellung<\/a> nochmals aufrufen<\/p>\n<h3>Server-Log-Files<\/h3>\n<p>Der Provider der Seiten erhebt und speichert automatisch Informationen in so genannten<br \/>\nServer-Log Files, die Ihr Browser automatisch an uns \u00fcbermittelt. Dies sind:<\/p>\n<ul>\n<li>Browsertyp und Browserversion<\/li>\n<li>verwendetes Betriebssystem<\/li>\n<li>Referrer URL<\/li>\n<li>Hostname des zugreifenden Rechners<\/li>\n<li>Uhrzeit der Serveranfrage<\/li>\n<\/ul>\n<p>Diese Daten sind nicht bestimmten Personen zuordenbar. Eine Zusammenf\u00fchrung dieser Daten mit anderen<br \/>\nDatenquellen wird nicht vorgenommen. Wir behalten uns vor, diese Daten nachtr\u00e4glich zu<br \/>\npr\u00fcfen, wenn uns konkrete Anhaltspunkte f\u00fcr eine rechtswidrige Nutzung bekannt<br \/>\nwerden.<\/p>\n<h3>Kontaktformular<\/h3>\n<p>Wenn Sie uns per Kontaktformular Anfragen zukommen lassen, werden Ihre Angaben aus dem Anfrageformular inklusive der von Ihnen dort<br \/>\nangegebenen Kontaktdaten zwecks Bearbeitung der Anfrage und f\u00fcr den Fall von Anschlussfragen<br \/>\nbei uns gespeichert. Diese Daten geben wir nicht ohne Ihre Einwilligung weiter.<\/p>\n<h3>Google Analytics<\/h3>\n<p>Diese Website nutzt Funktionen des Webanalysedienstes Google Analytics. Anbieter ist die Google Inc., 1600 Amphitheatre Parkway Mountain View, CA 94043, USA.<\/p>\n<p>Google Analytics verwendet so genannte &#8222;Cookies&#8220;. Das sind Textdateien, die auf Ihrem<br \/>\nComputer gespeichert werden und die eine Analyse der Benutzung der Website durch Sie<br \/>\nerm\u00f6glichen. Die durch den Cookie erzeugten Informationen \u00fcber Ihre Benutzung dieser<br \/>\nWebsite werden in der Regel an einen Server von Google in den USA \u00fcbertragen und dort<br \/>\ngespeichert.<\/p>\n<h3><strong>IP-Anonymisierung<\/strong><\/h3>\n<p>Wir haben auf dieser Website die Funktion IP-Anonymisierung aktiviert. Dadurch wird Ihre IP-Adresse von Google innerhalb von<br \/>\nMitgliedstaaten der Europ\u00e4ischen Union oder in anderen Vertragsstaaten des Abkommens<br \/>\n\u00fcber den Europ\u00e4ischen Wirtschaftsraum vor der \u00dcbermittlung in die USA gek\u00fcrzt.<br \/>\nNur in Ausnahmef\u00e4llen wird die volle IP-Adresse an einen Server von Google in den USA<br \/>\n\u00fcbertragen und dort gek\u00fcrzt. Im Auftrag des Betreibers dieser Website wird Google diese<br \/>\nInformationen benutzen, um Ihre Nutzung der Website auszuwerten, um Reports \u00fcber die<br \/>\nWebsiteaktivit\u00e4ten zusammenzustellen und um weitere mit der Websitenutzung und der<br \/>\nInternetnutzung verbundene Dienstleistungen gegen\u00fcber dem Websitebetreiber zu erbringen. Die im<br \/>\nRahmen von Google Analytics von Ihrem Browser \u00fcbermittelte IP-Adresse wird nicht mit anderen<br \/>\nDaten von Google zusammengef\u00fchrt.<\/p>\n<h3><strong>Browser Plugin<\/strong><\/h3>\n<p>Sie k\u00f6nnen die Speicherung der Cookies durch eine entsprechende Einstellung Ihrer Browser-Software<br \/>\nverhindern; wir weisen Sie jedoch darauf hin, dass Sie in diesem Fall gegebenenfalls nicht s\u00e4mtliche<br \/>\nFunktionen dieser Website vollumf\u00e4nglich werden nutzen k\u00f6nnen. Sie k\u00f6nnen<br \/>\ndar\u00fcber hinaus die Erfassung der durch den Cookie erzeugten und auf Ihre Nutzung der Website<br \/>\nbezogenen Daten (inkl. Ihrer IP-Adresse) an Google sowie die Verarbeitung dieser Daten durch Google<br \/>\nverhindern, indem Sie das unter dem folgenden Link verf\u00fcgbare Browser-Plugin herunterladen und<br \/>\ninstallieren: <a href=\"https:\/\/tools.google.com\/dlpage\/gaoptout?hl=de\" target=\"_blank\" rel=\"noopener\">https:\/\/tools.google.com\/dlpage\/gaoptout?hl=de<\/a><\/p>\n<h3><strong>Widerspruch gegen<br \/>\nDatenerfassung<\/strong><\/h3>\n<p>Sie k\u00f6nnen die Erfassung Ihrer Daten durch Google Analytics<br \/>\nverhindern, indem Sie auf folgenden Link klicken. Es wird ein Opt-Out-Cookie gesetzt, der die Erfassung<br \/>\nIhrer Daten bei zuk\u00fcnftigen Besuchen dieser Website verhindert: [ga_optout]<\/p>\n<p>Mehr Informationen zum Umgang mit Nutzerdaten bei Google Analytics finden Sie in der Datenschutzerkl\u00e4rung von Google:<br \/>\n<a href=\"https:\/\/support.google.com\/analytics\/answer\/6004245?hl=de\" target=\"_blank\" rel=\"noopener\">https:\/\/support.google.com\/analytics\/answer\/6004245?hl=de<\/a><\/p>\n<h3><strong>Auftragsdatenverarbeitung<\/strong><\/h3>\n<p>Wir haben mit Google einen Vertrag zur Auftragsdatenverarbeitung abgeschlossen und setzen die<br \/>\nstrengen Vorgaben der deutschen Datenschutzbeh\u00f6rden bei der Nutzung von Google Analytics<br \/>\nvollst\u00e4ndig um.<\/p>\n<h3><strong>Demografische Merkmale bei Google Analytics<\/strong><\/h3>\n<p>Diese Website nutzt die Funktion \u201cdemografische Merkmale\u201d von Google Analytics.<br \/>\nDadurch k\u00f6nnen Berichte erstellt werden, die Aussagen zu Alter, Geschlecht und Interessen der<br \/>\nSeitenbesucher enthalten. Diese Daten stammen aus interessenbezogener Werbung von Google sowie<br \/>\naus Besucherdaten von Drittanbietern. Diese Daten k\u00f6nnen keiner bestimmten Person zugeordnet<br \/>\nwerden. Sie k\u00f6nnen diese Funktion jederzeit \u00fcber die Anzeigeneinstellungen in Ihrem Google-<br \/>\nKonto deaktivieren oder die Erfassung Ihrer Daten durch Google Analytics wie im Punkt<br \/>\n\u201cWiderspruch gegen Datenerfassung\u201d dargestellt generell untersagen.<\/p>\n<h3>SSL-Verschl\u00fcsselung<\/h3>\n<p>Diese Seite nutzt aus Gr\u00fcnden der Sicherheit und zum Schutz der<br \/>\n\u00dcbertragung vertraulicher Inhalte, wie zum Beispiel der Anfragen, die Sie an uns als Seitenbetreiber<br \/>\nsenden, eine SSL-Verschl\u00fcsselung. Eine verschl\u00fcsselte Verbindung erkennen Sie daran, dass<br \/>\ndie Adresszeile des Browsers von &#8222;http:\/\/&#8220; auf &#8222;https:\/\/&#8220; wechselt und an dem<br \/>\nSchloss-Symbol in Ihrer Browserzeile.<\/p>\n<p>Wenn die SSL Verschl\u00fcsselung aktiviert ist,<br \/>\nk\u00f6nnen die Daten, die Sie an uns \u00fcbermitteln, nicht von Dritten mitgelesen<br \/>\nwerden.<\/p>\n<h3>Recht auf Auskunft, L\u00f6schung, Sperrung<\/h3>\n<p>Sie haben jederzeit das Recht auf unentgeltliche Auskunft \u00fcber Ihre gespeicherten personenbezogenen Daten,<br \/>\nderen Herkunft und Empf\u00e4nger und den Zweck der Datenverarbeitung sowie ein Recht auf<br \/>\nBerichtigung, Sperrung oder L\u00f6schung dieser Daten. Hierzu sowie zu weiteren Fragen zum Thema<br \/>\npersonenbezogene Daten k\u00f6nnen Sie sich jederzeit unter der im Impressum angegebenen Adresse<br \/>\nan uns wenden.<\/p>\n<h3><strong>Datenschutzerkl\u00e4rung Google Maps<\/strong><\/h3>\n<p>Diese Webseite verwendet das Produkt Google Maps von Google Inc. Durch Nutzung dieser Webseite erkl\u00e4ren Sie sich mit der Erfassung, Bearbeitung sowie Nutzung der automatisiert erhobenen Daten durch Google Inc, deren Vertreter sowie Dritter einverstanden.<br \/>\nDie Nutzungsbedingungen von Google Maps finden sie unter <a href=\"http:\/\/www.google.com\/intl\/de_de\/help\/terms_maps.html\">&#8222;Nutzungsbedingungen von Google Maps&#8220;<\/a>.<\/p>\n<h3>Widerspruch Werbe-Mails<\/h3>\n<p>Der Nutzung von im Rahmen der Impressumspflicht ver\u00f6ffentlichten Kontaktdaten zur \u00dcbersendung von nicht<br \/>\nausdr\u00fccklich angeforderter Werbung und Informationsmaterialien wird hiermit widersprochen. Die<br \/>\nBetreiber der Seiten behalten sich ausdr\u00fccklich rechtliche Schritte im Falle der unverlangten<br \/>\nZusendung von Werbeinformationen, etwa durch Spam-E-Mails, vor.<\/p>\n<p>Quelle: <a href=\"https:\/\/www.e-recht24.de\">eRecht24<\/a><\/p>\n","protected":false},"excerpt":{"rendered":"<p>Datenschutzerkl\u00e4rung Datenschutz Die Betreiber dieser Seiten nehmen den Schutz Ihrer pers\u00f6nlichen Daten sehr ernst. Wir behandeln Ihre personenbezogenen Daten vertraulich und entsprechend der gesetzlichen Datenschutzvorschriften sowie dieser Datenschutzerkl\u00e4rung. Die Nutzung unserer Website ist in der Regel ohne Angabe personenbezogener Daten m\u00f6glich. Soweit auf unseren Seiten personenbezogene Daten (beispielsweise Name, Anschrift oder E-Mail- Adressen) erhoben werden, [&hellip;]<\/p>\n","protected":false},"author":1,"featured_media":0,"parent":0,"menu_order":0,"comment_status":"closed","ping_status":"closed","template":"","meta":{"ngg_post_thumbnail":0,"footnotes":"","_links_to":"","_links_to_target":""},"class_list":["post-383","page","type-page","status-publish","hentry"],"blocksy_meta":[],"_links":{"self":[{"href":"https:\/\/seelenbrand.de\/lightside\/wp-json\/wp\/v2\/pages\/383","targetHints":{"allow":["GET"]}}],"collection":[{"href":"https:\/\/seelenbrand.de\/lightside\/wp-json\/wp\/v2\/pages"}],"about":[{"href":"https:\/\/seelenbrand.de\/lightside\/wp-json\/wp\/v2\/types\/page"}],"author":[{"embeddable":true,"href":"https:\/\/seelenbrand.de\/lightside\/wp-json\/wp\/v2\/users\/1"}],"replies":[{"embeddable":true,"href":"https:\/\/seelenbrand.de\/lightside\/wp-json\/wp\/v2\/comments?post=383"}],"version-history":[{"count":0,"href":"https:\/\/seelenbrand.de\/lightside\/wp-json\/wp\/v2\/pages\/383\/revisions"}],"wp:attachment":[{"href":"https:\/\/seelenbrand.de\/lightside\/wp-json\/wp\/v2\/media?parent=383"}],"curies":[{"name":"wp","href":"https:\/\/api.w.org\/{rel}","templated":true}]}}