{"id":385,"date":"2018-03-18T15:32:45","date_gmt":"2018-03-18T15:32:45","guid":{"rendered":"https:\/\/seelenbrand.de\/lightside\/?page_id=385"},"modified":"2018-03-18T15:32:45","modified_gmt":"2018-03-18T15:32:45","slug":"agb","status":"publish","type":"page","link":"https:\/\/seelenbrand.de\/lightside\/agb\/","title":{"rendered":"AGB"},"content":{"rendered":"<h1>Allgemeine Gesch\u00e4ftsbedingungen<\/h1>\n<p>Vertragsbedingungen im Rahmen von Kaufvertra\u0308gen die u\u0308ber die Plattform www.seelenbrand.de<\/p>\n<p>zwischen<\/p>\n<p>Heinrich Wei\u00df<br \/>\nThujenweg 6<br \/>\n93142 Maxh\u00fctte-Haidhof<br \/>\nTelefon: 0171\/2804910<\/p>\n<p>\u2013 im Folgenden\u00a0\u201eAnbieter\u201c\u00a0\u2013<\/p>\n<p>und<\/p>\n<p>den in \u00a7 2 dieser AGB bezeichneten Nutzern dieser Plattform\u00a0\u2013 im Folgenden \u201eKunde\/Kunden\u201c \u2013 geschlossen werden.<\/p>\n<h3>\u00a7 1 Geltungsbereich, Begriffsbestimmungen<\/h3>\n<p>(1) Fu\u0308r die Gescha\u0308ftsbeziehung zwischen dem Anbieter und dem Kunden gelten ausschlie\u00dflich die nachfolgenden Allgemeinen Gescha\u0308ftsbedingungen in ihrer zum Zeitpunkt der Bestellung gu\u0308ltigen Fassung. Abweichende Bedingungen des Kunden werden nicht anerkannt, es sei denn, der Anbieter stimmt ihrer Geltung ausdru\u0308cklich schriftlich zu.<\/p>\n<p>(2)\u00a0Fu\u0308r den Verkauf digitaler Produkte gelten die aus der Produktbeschreibung ersichtlichen oder sich sonst aus den Umsta\u0308nden ergebenden Beschra\u0308nkungen insbesondere den digitalen Produkten beigefu\u0308gte Lizenzierungsvereinbarungen. Im Zweifesfall ist nur die private und gewerbliche Nutzung ohne das Recht zur Weiterver\u00e4u\u00dferung oder Unterlizensierung gew\u00e4hrt.<\/p>\n<h3>\u00a7 2 Vertragsschluss<\/h3>\n<p>(1) Der Kunde kann aus dem Sortiment des Anbieters Produkte auswa\u0308hlen und diese u\u0308ber den Button \u201eWarenkorb\u201c in einem so genannten Warenkorb sammeln. U\u0308ber den Button \u201eJetzt kaufen\u201c gibt er einen verbindlichen Antrag zum Kauf der im Warenkorb befindlichen Waren ab. Vor Abschicken der Bestellung kann der Kunde die Daten jederzeit a\u0308ndern und\u00a0einsehen.<\/p>\n<p>(2) Der Anbieter schickt daraufhin dem Kunden eine automatische Empfangsbesta\u0308tigung mit dem Betreff \u201eBest\u00e4tigung Ihrer Bestellung bei Heiner Weiss | Hochzeitsfotograf Regensburg und Umland\u201c per E-Mail zu, in welcher die Bestellung des Kunden nochmals aufgefu\u0308hrt wird und die der Kunde u\u0308ber die Funktion \u201eDrucken\u201c ausdrucken kann.\u00a0Die Bestellung des Kunden (1) stellt hierbei das Angebot zum Vertragsschluss mit dem jeweiligen Inhalt des Warenkorbs dar. Die Empfangsbest\u00e4tigung (Bestellbesta\u0308tigung) stellt die Annahme des Angebots durch den Anbieter dar. In dieser wird der Inhalt der Bestellung zusammengefasst.\u00a0In dieser E-Mail oder in einer separaten E-Mail, jedoch spa\u0308testens bei Lieferung der Ware, wird der Vertragstext (bestehend aus Bestellung, AGB und Auftragsbesta\u0308tigung) dem Kunden von uns auf einem dauerhaften Datentra\u0308ger (E-Mail oder Papierausdruck) zugesandt. Der Vertragstext wird unter Wahrung\u00a0des Datenschutzes gespeichert.<\/p>\n<p>(3) Der Vertragsschluss erfolgt in den Sprachen: Deutsch.<\/p>\n<h3>\u00a7 3 Lieferung, Warenverfu\u0308gbarkeit, Zahlungsmodalita\u0308ten<\/h3>\n<p>(1) Von uns angegebene Lieferzeiten berechnen sich vom Zeitpunkt unserer Auftragsbesta\u0308tigung (\u00a7 3 (2) dieser AGB), vorherige Zahlung des Kaufpreises vorausgesetzt.<\/p>\n<p>(2) Ist das vom Kunden in der Bestellung bezeichnete Produkt nur voru\u0308bergehend nicht verfu\u0308gbar, teilt der Anbieter dem Kunden dies ebenfalls unverzu\u0308glich mit. Bei einer Lieferungsverzo\u0308gerung von mehr als zwei Wochen hat der Kunde das Recht, vom Vertrag zuru\u0308ckzutreten. Im U\u0308brigen ist in diesem Fall auch der Anbieter berechtigt, sich vom Vertrag zu lo\u0308sen. Hierbei wird er eventuell bereits geleistete Zahlungen des Kunden unverzu\u0308glich erstatten.<\/p>\n<p>(3) Es bestehen die folgenden Lieferbeschra\u0308nkungen: Der Anbieter liefert nur an Kunden, die ihren gewo\u0308hnlichen Aufenthalt (Rechnungsadresse) in einem der nachfolgenden La\u0308nder haben und im selben Land eine Lieferadresse\u00a0angeben ko\u0308nnen: Deutschland.<\/p>\n<p>(4) Der Kunde kann die Zahlung per \u00dcberweisung\/ Vorkasse vornehmen.<\/p>\n<p>(5) Die Zahlung des Kaufpreises ist unmittelbar mit Vertragsschluss fa\u0308llig. Ist die Fa\u0308lligkeit der Zahlung nach dem Kalender bestimmt, so kommt der Kunde bereits durch Versa\u0308umung des Termins in Verzug.<\/p>\n<h3>\u00a7 4 Eigentumsvorbehalt<\/h3>\n<p>Bis zur vollsta\u0308ndigen Bezahlung des Kaufpreises verbleiben die gelieferten Waren im Eigentum des Anbieters.<\/p>\n<h3>\u00a7 5 Preise und Versandkosten<\/h3>\n<p>(1) Alle Preise, die auf der Website des Anbieters angegeben sind, verstehen sich ausschlie\u00dflich der jeweils gu\u0308ltigen gesetzlichen Umsatzsteuer. Die Leistungen werden gem\u00e4\u00df \u00a7 19(1) UStG abgerechnet und sind somit umsatzsteuerfrei<\/p>\n<h3>\u00a7 6 Haftung<\/h3>\n<p>(1) Anspru\u0308che des Kunden auf Schadensersatz sind ausgeschlossen. Hiervon ausgenommen sind Schadensersatzanspru\u0308che des Kunden aus der Verletzung des Lebens, des Ko\u0308rpers, der Gesundheit oder aus der Verletzung wesentlicher Vertragspflichten (Kardinalpflichten) sowie die Haftung fu\u0308r sonstige Scha\u0308den, die auf einer vorsa\u0308tzlichen oder grob fahrla\u0308ssigen Pflichtverletzung des Anbieters, seiner gesetzlichen Vertreter oder Erfu\u0308llungsgehilfen beruhen. Wesentliche Vertragspflichten sind solche, deren Erfu\u0308llung zur Erreichung des Ziels des Vertrags notwendig ist.<\/p>\n<p>(2) Bei der Verletzung wesentlicher Vertragspflichten haftet der Anbieter nur auf den vertragstypischen, vorhersehbaren Schaden, wenn dieser einfach fahrla\u0308ssig verursacht wurde, es sei denn, es handelt sich um Schadensersatzanspru\u0308che des Kunden aus einer Verletzung des Lebens, des Ko\u0308rpers oder der Gesundheit.<\/p>\n<p>(3) Die Einschra\u0308nkungen der Abs. 1 und 2 gelten auch zugunsten der gesetzlichen Vertreter und Erfu\u0308llungsgehilfen des Anbieters, wenn Anspru\u0308che direkt gegen diese geltend gemacht werden.<\/p>\n<p>(4) Die Vorschriften des Produkthaftungsgesetzes bleiben unberu\u0308hrt.<\/p>\n<h3>\u00a7 7 Hinweise zur Datenverarbeitung<\/h3>\n<p>(1) Der Anbieter erhebt im Rahmen der Abwicklung von Vertra\u0308gen Daten des Kunden. Er beachtet dabei insbesondere die Vorschriften des Bundesdatenschutzgesetzes und des Telemediengesetzes. Ohne Einwilligung des Kunden wird der Anbieter Bestands- und Nutzungsdaten des Kunden nur erheben, verarbeiten oder nutzen, soweit dies fu\u0308r die Abwicklung des Vertragsverha\u0308ltnisses und fu\u0308r die Inanspruchnahme und Abrechnung von Telemedien erforderlich ist.<\/p>\n<p>(2) Ohne die Einwilligung des Kunden wird der Anbieter Daten des Kunden nicht fu\u0308r Zwecke der Werbung, Markt- oder Meinungsforschung nutzen.<\/p>\n<h3>\u00a7 8 Schlussbestimmungen<\/h3>\n<p>(1) Auf Vertra\u0308ge zwischen dem Anbieter und den Kunden findet das Recht der Bundesrepublik Deutschland unter Ausschluss des UN-Kaufrechts sowie des internationalen Privatrechts Anwendung.<\/p>\n<p>(2) Sofern es sich beim Kunden um einen Kaufmann, eine juristische Person des o\u0308ffentlichen Rechts oder um ein o\u0308ffentlich-rechtliches Sondervermo\u0308gen handelt, ist Gerichtsstand fu\u0308r alle Streitigkeiten aus Vertragsverha\u0308ltnissen zwischen dem Kunden und dem Anbieter der Sitz des Anbieters.<\/p>\n<p>(3) Der Vertrag bleibt auch bei rechtlicher Unwirksamkeit einzelner Punkte in seinen u\u0308brigen Teilen verbindlich. Anstelle der unwirksamen Punkte treten, soweit vorhanden, die gesetzlichen Vorschriften. Soweit dies fu\u0308r eine Vertragspartei eine unzumutbare Ha\u0308rte darstellen wu\u0308rde, wird der Vertrag jedoch im Ganzen unwirksam.<\/p>\n<p>\u00a7 9 Widerrufsrecht, R\u00fccksendungsrecht<br \/>\nDas Recht zum Widerruf des Auftrages bei Fernabsatzvertr\u00e4gen ist gem\u00e4\u00df \u00a7 312 d Abs. 4 Nr. 1 BGB ausgeschlossen, da die erstellten Fotoprodukte nach W\u00fcnschen und Angaben des Bestellers angefertigt werden und auf seine pers\u00f6nlichen Bed\u00fcrfnisse produziert und zugeschnitten sind.<\/p>\n","protected":false},"excerpt":{"rendered":"<p>Allgemeine Gesch\u00e4ftsbedingungen Vertragsbedingungen im Rahmen von Kaufvertra\u0308gen die u\u0308ber die Plattform www.seelenbrand.de zwischen Heinrich Wei\u00df Thujenweg 6 93142 Maxh\u00fctte-Haidhof Telefon: 0171\/2804910 \u2013 im Folgenden\u00a0\u201eAnbieter\u201c\u00a0\u2013 und den in \u00a7 2 dieser AGB bezeichneten Nutzern dieser Plattform\u00a0\u2013 im Folgenden \u201eKunde\/Kunden\u201c \u2013 geschlossen werden. \u00a7 1 Geltungsbereich, Begriffsbestimmungen (1) Fu\u0308r die Gescha\u0308ftsbeziehung zwischen dem Anbieter und dem Kunden [&hellip;]<\/p>\n","protected":false},"author":1,"featured_media":0,"parent":0,"menu_order":0,"comment_status":"closed","ping_status":"closed","template":"","meta":{"ngg_post_thumbnail":0,"footnotes":"","_links_to":"","_links_to_target":""},"class_list":["post-385","page","type-page","status-publish","hentry"],"blocksy_meta":[],"_links":{"self":[{"href":"https:\/\/seelenbrand.de\/lightside\/wp-json\/wp\/v2\/pages\/385","targetHints":{"allow":["GET"]}}],"collection":[{"href":"https:\/\/seelenbrand.de\/lightside\/wp-json\/wp\/v2\/pages"}],"about":[{"href":"https:\/\/seelenbrand.de\/lightside\/wp-json\/wp\/v2\/types\/page"}],"author":[{"embeddable":true,"href":"https:\/\/seelenbrand.de\/lightside\/wp-json\/wp\/v2\/users\/1"}],"replies":[{"embeddable":true,"href":"https:\/\/seelenbrand.de\/lightside\/wp-json\/wp\/v2\/comments?post=385"}],"version-history":[{"count":0,"href":"https:\/\/seelenbrand.de\/lightside\/wp-json\/wp\/v2\/pages\/385\/revisions"}],"wp:attachment":[{"href":"https:\/\/seelenbrand.de\/lightside\/wp-json\/wp\/v2\/media?parent=385"}],"curies":[{"name":"wp","href":"https:\/\/api.w.org\/{rel}","templated":true}]}}